{"id":1143,"date":"2019-10-24T18:05:42","date_gmt":"2019-10-24T18:05:42","guid":{"rendered":"https:\/\/mirra.is\/en\/?page_id=1143"},"modified":"2019-10-24T18:05:42","modified_gmt":"2019-10-24T18:05:42","slug":"media","status":"publish","type":"page","link":"https:\/\/mirra.is\/en\/media\/","title":{"rendered":"Media"},"content":{"rendered":"<p>[et_pb_section bb_built=&#8221;1&#8243; admin_label=&#8221;Header&#8221; fullwidth=&#8221;on&#8221; _builder_version=&#8221;3.17.2&#8243; background_image=&#8221;http:\/\/mirra.is\/en\/wp-content\/uploads\/2018\/07\/meetup-05.jpg&#8221; parallax=&#8221;on&#8221; custom_padding=&#8221;|||&#8221; animation_style=&#8221;slide&#8221; animation_direction=&#8221;top&#8221; animation_intensity_slide=&#8221;2%&#8221; next_background_color=&#8221;#ffffff&#8221;][et_pb_fullwidth_header title=&#8221;Mirra \u00ed fj\u00f6lmi\u00f0lum&#8221; subhead=&#8221;\u00cd gegnum t\u00ed\u00f0ina hefur oft veri\u00f0 leita\u00f0 til dr. Hallfr\u00ed\u00f0ar \u00de\u00f3rarinsd\u00f3ttur, framkv\u00e6mdastj\u00f3ra Mirru \u00ed tengslum vi\u00f0 umr\u00e6\u00f0ur um innflytjendam\u00e1l, fj\u00f6lmenningu og \u00f6nnur m\u00e1l, sem \u00e1 einn e\u00f0a annan h\u00e1tt snerta menningarlegan margbreytileika \u00e1 \u00cdslandi e\u00f0a skort \u00e1 honum. H\u00e9r m\u00e1 finna sj\u00f3nvarpsvi\u00f0t\u00f6l og klippur aftur \u00ed t\u00edmann og fram \u00e1 \u00feennan dag. &#8221; text_orientation=&#8221;center&#8221; background_overlay_color=&#8221;rgba(255,255,255,0.6)&#8221; content_max_width=&#8221;700px&#8221; content_max_width_tablet=&#8221;100%&#8221; content_max_width_last_edited=&#8221;on|desktop&#8221; _builder_version=&#8221;3.17.2&#8243; title_font=&#8221;Roboto|300|||||||&#8221; title_font_size=&#8221;60px&#8221; title_font_size_tablet=&#8221;40px&#8221; title_font_size_phone=&#8221;32px&#8221; title_font_size_last_edited=&#8221;on|desktop&#8221; title_line_height=&#8221;1.4em&#8221; content_font_size=&#8221;17px&#8221; content_line_height=&#8221;1.9em&#8221; subhead_font_size=&#8221;20px&#8221; subhead_line_height=&#8221;1.8em&#8221; background_color=&#8221;rgba(255,255,255,0.3)&#8221; background_image=&#8221;http:\/\/mirra.is\/en\/wp-content\/uploads\/2018\/07\/dots-3.png&#8221; custom_button_two=&#8221;on&#8221; button_two_text_size=&#8221;14px&#8221; button_two_text_color=&#8221;#ffffff&#8221; button_two_bg_color=&#8221;#06c8ff&#8221; button_two_border_width=&#8221;10px&#8221; button_two_border_color=&#8221;rgba(0,0,0,0)&#8221; button_two_border_radius=&#8221;100px&#8221; button_two_letter_spacing=&#8221;3px&#8221; button_two_font=&#8221;Roboto|700||on|||||&#8221; custom_button_one=&#8221;on&#8221; button_one_text_size=&#8221;14px&#8221; button_one_text_color=&#8221;#ffffff&#8221; button_one_bg_color=&#8221;#8300e9&#8243; button_one_bg_color_gradient_start=&#8221;#d883f8&#8243; button_one_bg_color_gradient_end=&#8221;#352DBE&#8221; button_one_bg_color_gradient_direction=&#8221;90deg&#8221; button_one_border_width=&#8221;10px&#8221; button_one_border_color=&#8221;rgba(0,0,0,0)&#8221; button_one_border_radius=&#8221;100px&#8221; button_one_letter_spacing=&#8221;3px&#8221; button_one_font=&#8221;Roboto|700||on|||||&#8221; background_layout=&#8221;light&#8221; custom_margin=&#8221;||||false&#8221; custom_padding=&#8221;8vw||8vw||true&#8221; custom_padding_tablet=&#8221;250px||250px||true&#8221; custom_padding_last_edited=&#8221;off|desktop&#8221; button_one_text_color_hover=&#8221;#ffffff&#8221; button_two_text_color_hover=&#8221;#ffffff&#8221; button_one_letter_spacing_hover=&#8221;3px&#8221; button_two_letter_spacing_hover=&#8221;3px&#8221; button_one_text_size__hover_enabled=&#8221;off&#8221; button_two_text_size__hover_enabled=&#8221;off&#8221; button_one_text_color__hover_enabled=&#8221;on&#8221; button_one_text_color__hover=&#8221;#ffffff&#8221; button_two_text_color__hover_enabled=&#8221;on&#8221; button_two_text_color__hover=&#8221;#ffffff&#8221; button_one_border_width__hover_enabled=&#8221;off&#8221; button_two_border_width__hover_enabled=&#8221;off&#8221; button_one_border_color__hover_enabled=&#8221;off&#8221; button_two_border_color__hover_enabled=&#8221;off&#8221; button_one_border_radius__hover_enabled=&#8221;off&#8221; button_two_border_radius__hover_enabled=&#8221;off&#8221; button_one_letter_spacing__hover_enabled=&#8221;on&#8221; button_one_letter_spacing__hover=&#8221;3px&#8221; button_two_letter_spacing__hover_enabled=&#8221;on&#8221; button_two_letter_spacing__hover=&#8221;3px&#8221; button_one_bg_color__hover_enabled=&#8221;off&#8221; button_two_bg_color__hover_enabled=&#8221;off&#8221;]<\/p>\n<p>.<\/p>\n<p>[\/et_pb_fullwidth_header][\/et_pb_section][et_pb_section bb_built=&#8221;1&#8243; admin_label=&#8221;Past Events&#8221; _builder_version=&#8221;3.9&#8243; prev_background_color=&#8221;#000000&#8243; next_background_color=&#8221;#000000&#8243;][et_pb_row custom_padding=&#8221;|50px||50px||true&#8221; custom_padding_phone=&#8221;|0px||0px||true&#8221; custom_padding_last_edited=&#8221;on|phone&#8221; _builder_version=&#8221;3.9&#8243;][et_pb_column type=&#8221;1_3&#8243;][et_pb_video src=&#8221;https:\/\/youtu.be\/6hND6V-cn68&#8243; image_src=&#8221;http:\/\/mirra.is\/en\/wp-content\/uploads\/2019\/01\/Frida1.jpg&#8221; _builder_version=&#8221;3.17.2&#8243; animation_style=&#8221;zoom&#8221; animation_intensity_zoom=&#8221;10%&#8221;]<\/p>\n<p>&nbsp;<\/p>\n<p>[\/et_pb_video][et_pb_text _builder_version=&#8221;3.17.2&#8243; text_font_size=&#8221;16px&#8221; text_line_height=&#8221;1.9em&#8221; header_2_font=&#8221;Roboto|300|||||||&#8221; header_2_font_size=&#8221;50px&#8221; header_2_font_size_tablet=&#8221;40px&#8221; header_2_font_size_phone=&#8221;32px&#8221; header_2_font_size_last_edited=&#8221;on|phone&#8221; header_2_line_height=&#8221;1.4em&#8221; text_orientation=&#8221;center&#8221; custom_padding=&#8221;|||&#8221; locked=&#8221;off&#8221;]<\/p>\n<h3>Fullveldis\u00f6ldin &#8211; Landar &#8211; 4.n\u00f3vember 2018<\/h3>\n<p>[\/et_pb_text][\/et_pb_column][et_pb_column type=&#8221;1_3&#8243;][et_pb_video src=&#8221;https:\/\/www.youtube.com\/watch?v=7UkzQ-7SAsM&amp;fbclid=IwAR3n1KRrmHsZVRhEifvXJb7IDuhxjF8fdiPbCO5JE-MxvcJODIDmrNBHxKY&#8221; image_src=&#8221;http:\/\/mirra.is\/en\/wp-content\/uploads\/2019\/01\/Frida3.jpg&#8221; _builder_version=&#8221;3.17.2&#8243; box_shadow_style=&#8221;preset1&#8243; box_shadow_vertical=&#8221;32px&#8221; box_shadow_blur=&#8221;100px&#8221; box_shadow_color=&#8221;rgba(0,0,0,0.15)&#8221; animation_style=&#8221;zoom&#8221; animation_direction=&#8221;bottom&#8221; animation_intensity_zoom=&#8221;10%&#8221; animation_starting_opacity=&#8221;100%&#8221; locked=&#8221;off&#8221;]<\/p>\n<p>&nbsp;<\/p>\n<p>[\/et_pb_video][et_pb_text _builder_version=&#8221;3.17.2&#8243; text_font=&#8221;||||||||&#8221; text_font_size=&#8221;16px&#8221; text_line_height=&#8221;1.9em&#8221; header_font=&#8221;||||||||&#8221; header_2_font=&#8221;Roboto|300|||||||&#8221; header_2_font_size=&#8221;50px&#8221; header_2_font_size_tablet=&#8221;40px&#8221; header_2_font_size_phone=&#8221;32px&#8221; header_2_font_size_last_edited=&#8221;on|phone&#8221; header_2_line_height=&#8221;1.4em&#8221; text_orientation=&#8221;center&#8221; custom_padding=&#8221;|||&#8221; locked=&#8221;off&#8221;]<\/p>\n<h3>P\u00f3lverjar f\u00e1 l\u00e6gri laun &#8211; Kastlj\u00f3s 6. febr\u00faar 2014<\/h3>\n<p>[\/et_pb_text][\/et_pb_column][et_pb_column type=&#8221;1_3&#8243;][et_pb_video src=&#8221;https:\/\/www.youtube.com\/watch?v=taJ2qnz_fcA&amp;fbclid=IwAR2liPttOFcmFGGmrf7MnCmFyOGIrH5kVkvRPY59AsVl8z5FEkYd6sYs3wo&#8221; image_src=&#8221;http:\/\/mirra.is\/en\/wp-content\/uploads\/2019\/01\/Frida2.jpg&#8221; _builder_version=&#8221;3.17.2&#8243; box_shadow_style=&#8221;preset1&#8243; box_shadow_vertical=&#8221;32px&#8221; box_shadow_blur=&#8221;80px&#8221; box_shadow_color=&#8221;rgba(0,0,0,0.15)&#8221; animation_style=&#8221;zoom&#8221; animation_direction=&#8221;bottom&#8221; animation_intensity_zoom=&#8221;10%&#8221; animation_starting_opacity=&#8221;100%&#8221; locked=&#8221;off&#8221;]<\/p>\n<p>&nbsp;<\/p>\n<p>[\/et_pb_video][et_pb_text _builder_version=&#8221;3.17.2&#8243; text_font=&#8221;||||||||&#8221; text_font_size=&#8221;16px&#8221; text_line_height=&#8221;1.9em&#8221; header_font=&#8221;||||||||&#8221; header_2_font=&#8221;Roboto|300|||||||&#8221; header_2_font_size=&#8221;50px&#8221; header_2_font_size_tablet=&#8221;40px&#8221; header_2_font_size_phone=&#8221;32px&#8221; header_2_font_size_last_edited=&#8221;on|phone&#8221; header_2_line_height=&#8221;1.4em&#8221; text_orientation=&#8221;center&#8221; custom_padding=&#8221;|||&#8221; locked=&#8221;off&#8221;]<\/p>\n<h3>N\u00e1v\u00edgi &#8211; vi\u00f0tal vi\u00f0 \u00de\u00f3rhall Gunnarsson R\u00daV, 15. mars 2011<\/h3>\n<p>[\/et_pb_text][\/et_pb_column][\/et_pb_row][et_pb_row custom_padding=&#8221;|50px||50px||true&#8221; custom_padding_phone=&#8221;|0px||0px||true&#8221; custom_padding_last_edited=&#8221;on|phone&#8221; _builder_version=&#8221;3.9&#8243;][et_pb_column type=&#8221;1_3&#8243;][et_pb_video src=&#8221;https:\/\/youtu.be\/SlYl_7ZMIyg&#8221; image_src=&#8221;\/\/i.ytimg.com\/vi\/SlYl_7ZMIyg\/hqdefault.jpg&#8221; _builder_version=&#8221;3.17.2&#8243; animation_style=&#8221;zoom&#8221; animation_intensity_zoom=&#8221;10%&#8221;]<\/p>\n<p>&nbsp;<\/p>\n<p>[\/et_pb_video][et_pb_text _builder_version=&#8221;3.17.2&#8243; text_font_size=&#8221;16px&#8221; text_line_height=&#8221;1.9em&#8221; header_2_font=&#8221;Roboto|300|||||||&#8221; header_2_font_size=&#8221;50px&#8221; header_2_font_size_tablet=&#8221;40px&#8221; header_2_font_size_phone=&#8221;32px&#8221; header_2_font_size_last_edited=&#8221;on|phone&#8221; header_2_line_height=&#8221;1.4em&#8221; text_orientation=&#8221;center&#8221; custom_padding=&#8221;|||&#8221; locked=&#8221;off&#8221;]<\/p>\n<h3 class=\"title style-scope ytd-video-primary-info-renderer\">R\u00e6tur &#8211; Vinnumarka\u00f0urinn og fl\u00f3ttaf\u00f3lk<\/h3>\n<h3>R\u00daV 24. jan\u00faar 2016.<\/h3>\n<p>[\/et_pb_text][\/et_pb_column][et_pb_column type=&#8221;1_3&#8243;][et_pb_video src=&#8221;https:\/\/youtu.be\/fYqhQ_7-P4g&#8221; image_src=&#8221;\/\/i.ytimg.com\/vi\/fYqhQ_7-P4g\/hqdefault.jpg&#8221; _builder_version=&#8221;3.17.2&#8243; box_shadow_style=&#8221;preset1&#8243; box_shadow_vertical=&#8221;32px&#8221; box_shadow_blur=&#8221;80px&#8221; box_shadow_color=&#8221;rgba(0,0,0,0.15)&#8221; animation_style=&#8221;zoom&#8221; animation_direction=&#8221;bottom&#8221; animation_intensity_zoom=&#8221;10%&#8221; animation_starting_opacity=&#8221;100%&#8221; locked=&#8221;off&#8221;]<\/p>\n<p>&nbsp;<\/p>\n<p>[\/et_pb_video][et_pb_text _builder_version=&#8221;3.17.2&#8243; text_font_size=&#8221;16px&#8221; text_line_height=&#8221;1.9em&#8221; header_2_font=&#8221;Roboto|300|||||||&#8221; header_2_font_size=&#8221;50px&#8221; header_2_font_size_tablet=&#8221;40px&#8221; header_2_font_size_phone=&#8221;32px&#8221; header_2_font_size_last_edited=&#8221;on|phone&#8221; header_2_line_height=&#8221;1.4em&#8221; text_orientation=&#8221;center&#8221; custom_padding=&#8221;|||&#8221; locked=&#8221;off&#8221;]<\/p>\n<h3 class=\"title style-scope ytd-video-primary-info-renderer\">R\u00e6tur &#8211; Tungum\u00e1l, amma og Davor<\/h3>\n<h3>R\u00daV 10. jan\u00faar 2016<\/h3>\n<p>[\/et_pb_text][\/et_pb_column][et_pb_column type=&#8221;1_3&#8243;][et_pb_video src=&#8221;https:\/\/youtu.be\/9-m8-ziEtoY&#8221; image_src=&#8221;\/\/i.ytimg.com\/vi\/9-m8-ziEtoY\/hqdefault.jpg&#8221; _builder_version=&#8221;3.17.2&#8243; box_shadow_style=&#8221;preset1&#8243; box_shadow_vertical=&#8221;32px&#8221; box_shadow_blur=&#8221;80px&#8221; box_shadow_color=&#8221;rgba(0,0,0,0.15)&#8221; animation_style=&#8221;zoom&#8221; animation_direction=&#8221;bottom&#8221; animation_intensity_zoom=&#8221;10%&#8221; animation_starting_opacity=&#8221;100%&#8221; locked=&#8221;off&#8221;]<\/p>\n<p>&nbsp;<\/p>\n<p>[\/et_pb_video][et_pb_text _builder_version=&#8221;3.17.2&#8243; text_font_size=&#8221;16px&#8221; text_line_height=&#8221;1.9em&#8221; header_2_font=&#8221;Roboto|300|||||||&#8221; header_2_font_size=&#8221;50px&#8221; header_2_font_size_tablet=&#8221;40px&#8221; header_2_font_size_phone=&#8221;32px&#8221; header_2_font_size_last_edited=&#8221;on|phone&#8221; header_2_line_height=&#8221;1.4em&#8221; text_orientation=&#8221;center&#8221; custom_padding=&#8221;|||&#8221; locked=&#8221;off&#8221;]<\/p>\n<h3 class=\"title style-scope ytd-video-primary-info-renderer\">R\u00e6tur &#8211; Innflytjendur \u00e1 \u00cdslandi<\/h3>\n<h3>R\u00daV 3. jan\u00faar 2016<\/h3>\n<p>[\/et_pb_text][\/et_pb_column][\/et_pb_row][\/et_pb_section][et_pb_section bb_built=&#8221;1&#8243; admin_label=&#8221;Subscribe&#8221; _builder_version=&#8221;3.9&#8243; use_background_color_gradient=&#8221;on&#8221; background_color_gradient_start=&#8221;#D883F8&#8243; background_color_gradient_end=&#8221;#352DBE&#8221; background_color_gradient_direction=&#8221;90deg&#8221; background_image=&#8221;http:\/\/mirra.is\/en\/wp-content\/uploads\/2018\/07\/dots-2.png&#8221; custom_margin=&#8221;|||&#8221; custom_padding=&#8221;77px||100px||false|false&#8221; saved_tabs=&#8221;all&#8221; prev_background_color=&#8221;#ffffff&#8221;][et_pb_row custom_padding=&#8221;27px|0|28px|2px|false|false&#8221; custom_padding_tablet=&#8221;0px|0px|0px|0px|true|true&#8221; custom_padding_last_edited=&#8221;on|tablet&#8221; _builder_version=&#8221;3.9&#8243;][et_pb_column type=&#8221;1_2&#8243;][et_pb_text _builder_version=&#8221;3.17.2&#8243;]<\/p>\n<h1><span style=\"color: #ffffff;\"><a style=\"color: #ffffff;\" href=\"mailto:mirra@mirra.is\">Mirra slf.<br \/>\nFr\u00e6\u00f0slu- og ranns\u00f3knarsetur<\/a><\/span><\/h1>\n<h3><span style=\"color: #ffffff;\"><a style=\"color: #ffffff;\" href=\"mailto:mirra@mirra.is\">Fornhagi 17<br \/>\n107 Reykjav\u00edk<br \/>\n<\/a><\/span><\/h3>\n<h3 style=\"text-align: left;\"><span style=\"color: #ffffff;\"><a style=\"color: #ffffff;\" href=\"mailto:mirra@mirra.is\">Netfang: mirra@mirra.is<\/a><\/span><\/h3>\n<h3 style=\"text-align: left;\"><span style=\"color: #ffffff;\">S\u00edmi: 692 1359<\/span><\/h3>\n<p>[\/et_pb_text][\/et_pb_column][et_pb_column type=&#8221;1_2&#8243;][et_pb_contact_form captcha=&#8221;off&#8221; email=&#8221;mirra@mirra.is&#8221; submit_button_text=&#8221;Senda&#8221; module_id=&#8221;et_pb_contact_form_0&#8243; _builder_version=&#8221;3.17.2&#8243; form_field_font=&#8221;||||||||&#8221; custom_button=&#8221;on&#8221; button_text_color=&#8221;#ffffff&#8221; button_border_color=&#8221;#ffffff&#8221; button_font=&#8221;||||||||&#8221; button_use_icon=&#8221;off&#8221;][et_pb_contact_field field_id=&#8221;Nafn&#8221; field_title=&#8221;Nafn&#8221; _builder_version=&#8221;3.17.2&#8243; form_field_font=&#8221;||||||||&#8221; border_radii=&#8221;on||||&#8221; button_text_size__hover_enabled=&#8221;off&#8221; button_one_text_size__hover_enabled=&#8221;off&#8221; button_two_text_size__hover_enabled=&#8221;off&#8221; button_text_color__hover_enabled=&#8221;off&#8221; button_one_text_color__hover_enabled=&#8221;off&#8221; button_two_text_color__hover_enabled=&#8221;off&#8221; button_border_width__hover_enabled=&#8221;off&#8221; button_one_border_width__hover_enabled=&#8221;off&#8221; button_two_border_width__hover_enabled=&#8221;off&#8221; button_border_color__hover_enabled=&#8221;off&#8221; button_one_border_color__hover_enabled=&#8221;off&#8221; button_two_border_color__hover_enabled=&#8221;off&#8221; button_border_radius__hover_enabled=&#8221;off&#8221; button_one_border_radius__hover_enabled=&#8221;off&#8221; button_two_border_radius__hover_enabled=&#8221;off&#8221; button_letter_spacing__hover_enabled=&#8221;off&#8221; button_one_letter_spacing__hover_enabled=&#8221;off&#8221; button_two_letter_spacing__hover_enabled=&#8221;off&#8221; button_bg_color__hover_enabled=&#8221;off&#8221; button_one_bg_color__hover_enabled=&#8221;off&#8221; button_two_bg_color__hover_enabled=&#8221;off&#8221;][\/et_pb_contact_field][et_pb_contact_field field_id=&#8221;Email&#8221; field_title=&#8221;Email&#8221; field_type=&#8221;email&#8221; _builder_version=&#8221;3.17.2&#8243; border_radii=&#8221;on||||&#8221; button_text_size__hover_enabled=&#8221;off&#8221; button_one_text_size__hover_enabled=&#8221;off&#8221; button_two_text_size__hover_enabled=&#8221;off&#8221; button_text_color__hover_enabled=&#8221;off&#8221; button_one_text_color__hover_enabled=&#8221;off&#8221; button_two_text_color__hover_enabled=&#8221;off&#8221; button_border_width__hover_enabled=&#8221;off&#8221; button_one_border_width__hover_enabled=&#8221;off&#8221; button_two_border_width__hover_enabled=&#8221;off&#8221; button_border_color__hover_enabled=&#8221;off&#8221; button_one_border_color__hover_enabled=&#8221;off&#8221; button_two_border_color__hover_enabled=&#8221;off&#8221; button_border_radius__hover_enabled=&#8221;off&#8221; button_one_border_radius__hover_enabled=&#8221;off&#8221; button_two_border_radius__hover_enabled=&#8221;off&#8221; button_letter_spacing__hover_enabled=&#8221;off&#8221; button_one_letter_spacing__hover_enabled=&#8221;off&#8221; button_two_letter_spacing__hover_enabled=&#8221;off&#8221; button_bg_color__hover_enabled=&#8221;off&#8221; button_one_bg_color__hover_enabled=&#8221;off&#8221; button_two_bg_color__hover_enabled=&#8221;off&#8221;][\/et_pb_contact_field][et_pb_contact_field field_id=&#8221;Message&#8221; field_title=&#8221;Skilabo\u00f0&#8221; field_type=&#8221;text&#8221; fullwidth_field=&#8221;on&#8221; _builder_version=&#8221;3.17.2&#8243; border_radii=&#8221;on||||&#8221; button_text_size__hover_enabled=&#8221;off&#8221; button_one_text_size__hover_enabled=&#8221;off&#8221; button_two_text_size__hover_enabled=&#8221;off&#8221; button_text_color__hover_enabled=&#8221;off&#8221; button_one_text_color__hover_enabled=&#8221;off&#8221; button_two_text_color__hover_enabled=&#8221;off&#8221; button_border_width__hover_enabled=&#8221;off&#8221; button_one_border_width__hover_enabled=&#8221;off&#8221; button_two_border_width__hover_enabled=&#8221;off&#8221; button_border_color__hover_enabled=&#8221;off&#8221; button_one_border_color__hover_enabled=&#8221;off&#8221; button_two_border_color__hover_enabled=&#8221;off&#8221; button_border_radius__hover_enabled=&#8221;off&#8221; button_one_border_radius__hover_enabled=&#8221;off&#8221; button_two_border_radius__hover_enabled=&#8221;off&#8221; button_letter_spacing__hover_enabled=&#8221;off&#8221; button_one_letter_spacing__hover_enabled=&#8221;off&#8221; button_two_letter_spacing__hover_enabled=&#8221;off&#8221; button_bg_color__hover_enabled=&#8221;off&#8221; button_one_bg_color__hover_enabled=&#8221;off&#8221; button_two_bg_color__hover_enabled=&#8221;off&#8221;][\/et_pb_contact_field][\/et_pb_contact_form][\/et_pb_column][\/et_pb_row][\/et_pb_section]<\/p>\n","protected":false},"excerpt":{"rendered":"<p>[et_pb_section bb_built=&#8221;1&#8243; admin_label=&#8221;Header&#8221; fullwidth=&#8221;on&#8221; _builder_version=&#8221;3.17.2&#8243; background_image=&#8221;http:\/\/mirra.is\/en\/wp-content\/uploads\/2018\/07\/meetup-05.jpg&#8221; parallax=&#8221;on&#8221; custom_padding=&#8221;|||&#8221; animation_style=&#8221;slide&#8221; animation_direction=&#8221;top&#8221; animation_intensity_slide=&#8221;2%&#8221; next_background_color=&#8221;#ffffff&#8221;][et_pb_fullwidth_header title=&#8221;Mirra \u00ed fj\u00f6lmi\u00f0lum&#8221; subhead=&#8221;\u00cd gegnum t\u00ed\u00f0ina hefur oft veri\u00f0 leita\u00f0 til dr. Hallfr\u00ed\u00f0ar \u00de\u00f3rarinsd\u00f3ttur, framkv\u00e6mdastj\u00f3ra Mirru \u00ed tengslum vi\u00f0 umr\u00e6\u00f0ur um innflytjendam\u00e1l, fj\u00f6lmenningu og \u00f6nnur m\u00e1l, sem \u00e1 einn e\u00f0a annan h\u00e1tt snerta menningarlegan margbreytileika \u00e1 \u00cdslandi e\u00f0a skort \u00e1 honum. H\u00e9r m\u00e1 [&hellip;]<\/p>\n","protected":false},"author":1,"featured_media":0,"parent":0,"menu_order":0,"comment_status":"closed","ping_status":"closed","template":"","meta":{"_et_pb_use_builder":"on","_et_pb_old_content":"","_et_gb_content_width":""},"yoast_head":"<!-- This site is optimized with the Yoast SEO plugin v16.4 - https:\/\/yoast.com\/wordpress\/plugins\/seo\/ -->\n<title>Media - mirra.is<\/title>\n<meta name=\"robots\" content=\"index, follow, max-snippet:-1, max-image-preview:large, max-video-preview:-1\" \/>\n<link rel=\"canonical\" href=\"https:\/\/mirra.is\/en\/media\/\" \/>\n<meta property=\"og:locale\" content=\"en_US\" \/>\n<meta property=\"og:type\" content=\"article\" \/>\n<meta property=\"og:title\" content=\"Media - mirra.is\" \/>\n<meta property=\"og:description\" content=\"[et_pb_section bb_built=&#8221;1&#8243; admin_label=&#8221;Header&#8221; fullwidth=&#8221;on&#8221; _builder_version=&#8221;3.17.2&#8243; background_image=&#8221;http:\/\/mirra.is\/en\/wp-content\/uploads\/2018\/07\/meetup-05.jpg&#8221; parallax=&#8221;on&#8221; custom_padding=&#8221;|||&#8221; animation_style=&#8221;slide&#8221; animation_direction=&#8221;top&#8221; animation_intensity_slide=&#8221;2%&#8221; next_background_color=&#8221;#ffffff&#8221;][et_pb_fullwidth_header title=&#8221;Mirra \u00ed fj\u00f6lmi\u00f0lum&#8221; subhead=&#8221;\u00cd gegnum t\u00ed\u00f0ina hefur oft veri\u00f0 leita\u00f0 til dr. Hallfr\u00ed\u00f0ar \u00de\u00f3rarinsd\u00f3ttur, framkv\u00e6mdastj\u00f3ra Mirru \u00ed tengslum vi\u00f0 umr\u00e6\u00f0ur um innflytjendam\u00e1l, fj\u00f6lmenningu og \u00f6nnur m\u00e1l, sem \u00e1 einn e\u00f0a annan h\u00e1tt snerta menningarlegan margbreytileika \u00e1 \u00cdslandi e\u00f0a skort \u00e1 honum. H\u00e9r m\u00e1 [&hellip;]\" \/>\n<meta property=\"og:url\" content=\"https:\/\/mirra.is\/en\/media\/\" \/>\n<meta property=\"og:site_name\" content=\"mirra.is\" \/>\n<meta name=\"twitter:card\" content=\"summary_large_image\" \/>\n<meta name=\"twitter:label1\" content=\"Est. reading time\" \/>\n\t<meta name=\"twitter:data1\" content=\"10 minutes\" \/>\n<script type=\"application\/ld+json\" class=\"yoast-schema-graph\">{\"@context\":\"https:\/\/schema.org\",\"@graph\":[{\"@type\":\"WebSite\",\"@id\":\"https:\/\/mirra.is\/en\/#website\",\"url\":\"https:\/\/mirra.is\/en\/\",\"name\":\"mirra.is\",\"description\":\"Fr\\u00e6\\u00f0slu og ranns\\u00f3knarsetur\",\"potentialAction\":[{\"@type\":\"SearchAction\",\"target\":\"https:\/\/mirra.is\/en\/?s={search_term_string}\",\"query-input\":\"required name=search_term_string\"}],\"inLanguage\":\"en-US\"},{\"@type\":\"WebPage\",\"@id\":\"https:\/\/mirra.is\/en\/media\/#webpage\",\"url\":\"https:\/\/mirra.is\/en\/media\/\",\"name\":\"Media - mirra.is\",\"isPartOf\":{\"@id\":\"https:\/\/mirra.is\/en\/#website\"},\"datePublished\":\"2019-10-24T18:05:42+00:00\",\"dateModified\":\"2019-10-24T18:05:42+00:00\",\"breadcrumb\":{\"@id\":\"https:\/\/mirra.is\/en\/media\/#breadcrumb\"},\"inLanguage\":\"en-US\",\"potentialAction\":[{\"@type\":\"ReadAction\",\"target\":[\"https:\/\/mirra.is\/en\/media\/\"]}]},{\"@type\":\"BreadcrumbList\",\"@id\":\"https:\/\/mirra.is\/en\/media\/#breadcrumb\",\"itemListElement\":[{\"@type\":\"ListItem\",\"position\":1,\"item\":{\"@type\":\"WebPage\",\"@id\":\"https:\/\/mirra.is\/en\/\",\"url\":\"https:\/\/mirra.is\/en\/\",\"name\":\"Home\"}},{\"@type\":\"ListItem\",\"position\":2,\"item\":{\"@id\":\"https:\/\/mirra.is\/en\/media\/#webpage\"}}]}]}<\/script>\n<!-- \/ Yoast SEO plugin. -->","_links":{"self":[{"href":"https:\/\/mirra.is\/en\/wp-json\/wp\/v2\/pages\/1143"}],"collection":[{"href":"https:\/\/mirra.is\/en\/wp-json\/wp\/v2\/pages"}],"about":[{"href":"https:\/\/mirra.is\/en\/wp-json\/wp\/v2\/types\/page"}],"author":[{"embeddable":true,"href":"https:\/\/mirra.is\/en\/wp-json\/wp\/v2\/users\/1"}],"replies":[{"embeddable":true,"href":"https:\/\/mirra.is\/en\/wp-json\/wp\/v2\/comments?post=1143"}],"version-history":[{"count":1,"href":"https:\/\/mirra.is\/en\/wp-json\/wp\/v2\/pages\/1143\/revisions"}],"predecessor-version":[{"id":1144,"href":"https:\/\/mirra.is\/en\/wp-json\/wp\/v2\/pages\/1143\/revisions\/1144"}],"wp:attachment":[{"href":"https:\/\/mirra.is\/en\/wp-json\/wp\/v2\/media?parent=1143"}],"curies":[{"name":"wp","href":"https:\/\/api.w.org\/{rel}","templated":true}]}}